{"id":58,"date":"2023-09-25T20:05:01","date_gmt":"2023-09-25T20:05:01","guid":{"rendered":"https:\/\/np-ar.com\/?page_id=58"},"modified":"2023-10-07T13:52:32","modified_gmt":"2023-10-07T13:52:32","slug":"controladores","status":"publish","type":"page","link":"https:\/\/np-ar.com\/index.php\/controladores\/","title":{"rendered":"Controladores de Aire Acondicionado"},"content":{"rendered":"\t\t<div data-elementor-type=\"wp-page\" data-elementor-id=\"58\" class=\"elementor elementor-58\" data-elementor-post-type=\"page\">\n\t\t\t\t\t\t<section class=\"elementor-section elementor-top-section elementor-element elementor-element-134c5657 elementor-section-boxed elementor-section-height-default elementor-section-height-default\" data-id=\"134c5657\" data-element_type=\"section\">\n\t\t\t\t\t\t<div class=\"elementor-container elementor-column-gap-default\">\n\t\t\t\t\t<div class=\"elementor-column elementor-col-50 elementor-top-column elementor-element elementor-element-73965bf2\" data-id=\"73965bf2\" data-element_type=\"column\">\n\t\t\t<div class=\"elementor-widget-wrap elementor-element-populated\">\n\t\t\t\t\t\t<div class=\"elementor-element elementor-element-77dc0d91 elementor-widget elementor-widget-video\" data-id=\"77dc0d91\" data-element_type=\"widget\" data-settings=\"{&quot;youtube_url&quot;:&quot;https:\\\/\\\/www.youtube.com\\\/watch?v=FC95YeooUkE&quot;,&quot;video_type&quot;:&quot;youtube&quot;,&quot;controls&quot;:&quot;yes&quot;}\" data-widget_type=\"video.default\">\n\t\t\t\t<div class=\"elementor-widget-container\">\n\t\t\t\t\t\t\t<div class=\"elementor-wrapper elementor-open-inline\">\n\t\t\t<div class=\"elementor-video\"><\/div>\t\t<\/div>\n\t\t\t\t\t\t<\/div>\n\t\t\t\t<\/div>\n\t\t\t\t\t<\/div>\n\t\t<\/div>\n\t\t\t\t<div class=\"elementor-column elementor-col-50 elementor-top-column elementor-element elementor-element-5f27b9cd\" data-id=\"5f27b9cd\" data-element_type=\"column\">\n\t\t\t<div class=\"elementor-widget-wrap elementor-element-populated\">\n\t\t\t\t\t\t<div class=\"elementor-element elementor-element-684f298f elementor-widget elementor-widget-heading\" data-id=\"684f298f\" data-element_type=\"widget\" data-widget_type=\"heading.default\">\n\t\t\t\t<div class=\"elementor-widget-container\">\n\t\t\t\t\t<h2 class=\"elementor-heading-title elementor-size-default\">IneControl 700<\/h2>\t\t\t\t<\/div>\n\t\t\t\t<\/div>\n\t\t\t\t<div class=\"elementor-element elementor-element-65fe6627 elementor-widget elementor-widget-text-editor\" data-id=\"65fe6627\" data-element_type=\"widget\" data-widget_type=\"text-editor.default\">\n\t\t\t\t<div class=\"elementor-widget-container\">\n\t\t\t\t\t\t\t\t\t<p class=\"Estilo5\"><span style=\"color: #555555;\">La l\u00ednea de productos <span class=\"Estilo70\">IneControl<\/span> es la generaci\u00f3n de soluciones de automatismo y de monitoreo, que cubre la necesidad de contar con una interfase amigable para el usuario mediante la implementaci\u00f3n de una interfase WEB.<\/span><\/p><p class=\"Estilo5\"><span style=\"color: #555555;\"><span class=\"Estilo69\">IneControl<\/span> puede incorporarse en su Empresa o en su Cliente para realizar las siguientes tareas:<\/span><\/p><div id=\"texto_central\" class=\"texto_central\"><ul><li style=\"list-style-type: none;\"><ul><li style=\"list-style-type: none;\"><ul><li style=\"list-style-type: none;\"><ul><li><span style=\"color: #555555;\">Secuenciado y Monitoreo de equipos de Aire Acondicionado.<\/span><\/li><li><span style=\"color: #555555;\">Monitoreo Web de temperatura y de humedad .<\/span><\/li><li><span style=\"color: #555555;\">Monitoreo Web de temperatura de c\u00e1maras frigor\u00edficas, heladeras y calderas.<\/span><\/li><li><span style=\"color: #555555;\">Interfase WEB para PLC o termostatos convencionales de Aire Acondicionado.<\/span><\/li><\/ul><\/li><\/ul><\/li><\/ul><\/li><\/ul><\/div>\t\t\t\t\t\t\t\t<\/div>\n\t\t\t\t<\/div>\n\t\t\t\t\t<\/div>\n\t\t<\/div>\n\t\t\t\t\t<\/div>\n\t\t<\/section>\n\t\t\t\t<section class=\"elementor-section elementor-top-section elementor-element elementor-element-5e38402c elementor-section-boxed elementor-section-height-default elementor-section-height-default\" data-id=\"5e38402c\" data-element_type=\"section\">\n\t\t\t\t\t\t<div class=\"elementor-container elementor-column-gap-default\">\n\t\t\t\t\t<div class=\"elementor-column elementor-col-50 elementor-top-column elementor-element elementor-element-20759846\" data-id=\"20759846\" data-element_type=\"column\">\n\t\t\t<div class=\"elementor-widget-wrap elementor-element-populated\">\n\t\t\t\t\t\t<div class=\"elementor-element elementor-element-5f27d810 elementor-widget elementor-widget-heading\" data-id=\"5f27d810\" data-element_type=\"widget\" data-widget_type=\"heading.default\">\n\t\t\t\t<div class=\"elementor-widget-container\">\n\t\t\t\t\t<h2 class=\"elementor-heading-title elementor-size-default\">Secuenciador SA-712W-IR<\/h2>\t\t\t\t<\/div>\n\t\t\t\t<\/div>\n\t\t\t\t<div class=\"elementor-element elementor-element-3e2628d9 elementor-widget elementor-widget-text-editor\" data-id=\"3e2628d9\" data-element_type=\"widget\" data-widget_type=\"text-editor.default\">\n\t\t\t\t<div class=\"elementor-widget-container\">\n\t\t\t\t\t\t\t\t\t<p class=\"Estilo5\"><span style=\"color: #555555;\">El controlador\u00a0<span class=\"Estilo69\">SA-700 W\u00a0<\/span>es una soluci\u00f3n que integra las prestaciones de automatismo y control provistas por los sistemas PLC, con la facilidad del monitoreo a traves de una interfase Web.<\/span><\/p><p class=\"Estilo5\"><span style=\"color: #555555;\"><span class=\"Estilo74\">SA-700 W\u00a0<\/span>Automatiza el secuenciado de unidades de aire acondicionado de sistemas de refrigeraci\u00f3n redundantes, logr\u00e1ndose de \u00e9sta manera un desgaste gradual y parejo de los equipos.<\/span><\/p><p class=\"Estilo5\"><span style=\"color: #555555;\">El controlador envia alertas via e-mail o por SNMP V1.<\/span><\/p>\t\t\t\t\t\t\t\t<\/div>\n\t\t\t\t<\/div>\n\t\t\t\t\t<\/div>\n\t\t<\/div>\n\t\t\t\t<div class=\"elementor-column elementor-col-50 elementor-top-column elementor-element elementor-element-2cfb5c83\" data-id=\"2cfb5c83\" data-element_type=\"column\">\n\t\t\t<div class=\"elementor-widget-wrap elementor-element-populated\">\n\t\t\t\t\t\t<div class=\"elementor-element elementor-element-69a78ff elementor-widget elementor-widget-image\" data-id=\"69a78ff\" data-element_type=\"widget\" data-widget_type=\"image.default\">\n\t\t\t\t<div class=\"elementor-widget-container\">\n\t\t\t\t\t\t\t\t\t\t\t\t\t\t\t<img fetchpriority=\"high\" decoding=\"async\" width=\"790\" height=\"423\" src=\"https:\/\/np-ar.com\/wp-content\/uploads\/2023\/09\/inecow-1024x548.png\" class=\"attachment-large size-large wp-image-22\" alt=\"\" srcset=\"https:\/\/np-ar.com\/wp-content\/uploads\/2023\/09\/inecow-1024x548.png 1024w, https:\/\/np-ar.com\/wp-content\/uploads\/2023\/09\/inecow-300x161.png 300w, https:\/\/np-ar.com\/wp-content\/uploads\/2023\/09\/inecow-768x411.png 768w, https:\/\/np-ar.com\/wp-content\/uploads\/2023\/09\/inecow.png 1057w\" sizes=\"(max-width: 790px) 100vw, 790px\" \/>\t\t\t\t\t\t\t\t\t\t\t\t\t\t\t<\/div>\n\t\t\t\t<\/div>\n\t\t\t\t<div class=\"elementor-element elementor-element-5b7862b7 elementor-widget elementor-widget-text-editor\" data-id=\"5b7862b7\" data-element_type=\"widget\" data-widget_type=\"text-editor.default\">\n\t\t\t\t<div class=\"elementor-widget-container\">\n\t\t\t\t\t\t\t\t\t<p style=\"text-align: center;\">(Interfaz web del usuario)<\/p>\t\t\t\t\t\t\t\t<\/div>\n\t\t\t\t<\/div>\n\t\t\t\t\t<\/div>\n\t\t<\/div>\n\t\t\t\t\t<\/div>\n\t\t<\/section>\n\t\t\t\t<\/div>\n\t\t","protected":false},"excerpt":{"rendered":"<p>IneControl 700 La l\u00ednea de productos IneControl es la generaci\u00f3n de soluciones de automatismo y de monitoreo, que cubre la necesidad de contar con una interfase amigable para el usuario mediante la implementaci\u00f3n de una interfase WEB. IneControl puede incorporarse en su Empresa o en su Cliente para realizar las&#8230;<\/p>\n","protected":false},"author":1,"featured_media":0,"parent":0,"menu_order":0,"comment_status":"closed","ping_status":"closed","template":"elementor_header_footer","meta":{"footnotes":""},"class_list":["post-58","page","type-page","status-publish","hentry"],"yoast_head":"<!-- This site is optimized with the Yoast SEO plugin v24.6 - https:\/\/yoast.com\/wordpress\/plugins\/seo\/ -->\n<title>Controladores de Aire Acondicionado - Network Power<\/title>\n<meta name=\"robots\" content=\"index, follow, max-snippet:-1, max-image-preview:large, max-video-preview:-1\" \/>\n<link rel=\"canonical\" href=\"https:\/\/np-ar.com\/index.php\/controladores\/\" \/>\n<meta property=\"og:locale\" content=\"en_US\" \/>\n<meta property=\"og:type\" content=\"article\" \/>\n<meta property=\"og:title\" content=\"Controladores de Aire Acondicionado - Network Power\" \/>\n<meta property=\"og:description\" content=\"IneControl 700 La l\u00ednea de productos IneControl es la generaci\u00f3n de soluciones de automatismo y de monitoreo, que cubre la necesidad de contar con una interfase amigable para el usuario mediante la implementaci\u00f3n de una interfase WEB. IneControl puede incorporarse en su Empresa o en su Cliente para realizar las...\" \/>\n<meta property=\"og:url\" content=\"https:\/\/np-ar.com\/index.php\/controladores\/\" \/>\n<meta property=\"og:site_name\" content=\"Network Power\" \/>\n<meta property=\"article:modified_time\" content=\"2023-10-07T13:52:32+00:00\" \/>\n<meta property=\"og:image\" content=\"https:\/\/np-ar.com\/wp-content\/uploads\/2023\/09\/inecow-1024x548.png\" \/>\n<meta name=\"twitter:card\" content=\"summary_large_image\" \/>\n<meta name=\"twitter:label1\" content=\"Est. reading time\" \/>\n\t<meta name=\"twitter:data1\" content=\"1 minute\" \/>\n<script type=\"application\/ld+json\" class=\"yoast-schema-graph\">{\"@context\":\"https:\/\/schema.org\",\"@graph\":[{\"@type\":\"WebPage\",\"@id\":\"https:\/\/np-ar.com\/index.php\/controladores\/\",\"url\":\"https:\/\/np-ar.com\/index.php\/controladores\/\",\"name\":\"Controladores de Aire Acondicionado - Network Power\",\"isPartOf\":{\"@id\":\"https:\/\/np-ar.com\/#website\"},\"primaryImageOfPage\":{\"@id\":\"https:\/\/np-ar.com\/index.php\/controladores\/#primaryimage\"},\"image\":{\"@id\":\"https:\/\/np-ar.com\/index.php\/controladores\/#primaryimage\"},\"thumbnailUrl\":\"https:\/\/np-ar.com\/wp-content\/uploads\/2023\/09\/inecow-1024x548.png\",\"datePublished\":\"2023-09-25T20:05:01+00:00\",\"dateModified\":\"2023-10-07T13:52:32+00:00\",\"breadcrumb\":{\"@id\":\"https:\/\/np-ar.com\/index.php\/controladores\/#breadcrumb\"},\"inLanguage\":\"en-US\",\"potentialAction\":[{\"@type\":\"ReadAction\",\"target\":[\"https:\/\/np-ar.com\/index.php\/controladores\/\"]}]},{\"@type\":\"ImageObject\",\"inLanguage\":\"en-US\",\"@id\":\"https:\/\/np-ar.com\/index.php\/controladores\/#primaryimage\",\"url\":\"https:\/\/np-ar.com\/wp-content\/uploads\/2023\/09\/inecow.png\",\"contentUrl\":\"https:\/\/np-ar.com\/wp-content\/uploads\/2023\/09\/inecow.png\",\"width\":1057,\"height\":566},{\"@type\":\"BreadcrumbList\",\"@id\":\"https:\/\/np-ar.com\/index.php\/controladores\/#breadcrumb\",\"itemListElement\":[{\"@type\":\"ListItem\",\"position\":1,\"name\":\"Home\",\"item\":\"https:\/\/np-ar.com\/\"},{\"@type\":\"ListItem\",\"position\":2,\"name\":\"Controladores de Aire Acondicionado\"}]},{\"@type\":\"WebSite\",\"@id\":\"https:\/\/np-ar.com\/#website\",\"url\":\"https:\/\/np-ar.com\/\",\"name\":\"Network Power\",\"description\":\"\",\"publisher\":{\"@id\":\"https:\/\/np-ar.com\/#organization\"},\"potentialAction\":[{\"@type\":\"SearchAction\",\"target\":{\"@type\":\"EntryPoint\",\"urlTemplate\":\"https:\/\/np-ar.com\/?s={search_term_string}\"},\"query-input\":{\"@type\":\"PropertyValueSpecification\",\"valueRequired\":true,\"valueName\":\"search_term_string\"}}],\"inLanguage\":\"en-US\"},{\"@type\":\"Organization\",\"@id\":\"https:\/\/np-ar.com\/#organization\",\"name\":\"Network Power\",\"url\":\"https:\/\/np-ar.com\/\",\"logo\":{\"@type\":\"ImageObject\",\"inLanguage\":\"en-US\",\"@id\":\"https:\/\/np-ar.com\/#\/schema\/logo\/image\/\",\"url\":\"https:\/\/np-ar.com\/wp-content\/uploads\/2023\/09\/cropped-Logo-NP-DNV.png\",\"contentUrl\":\"https:\/\/np-ar.com\/wp-content\/uploads\/2023\/09\/cropped-Logo-NP-DNV.png\",\"width\":181,\"height\":85,\"caption\":\"Network Power\"},\"image\":{\"@id\":\"https:\/\/np-ar.com\/#\/schema\/logo\/image\/\"}}]}<\/script>\n<!-- \/ Yoast SEO plugin. -->","yoast_head_json":{"title":"Controladores de Aire Acondicionado - Network Power","robots":{"index":"index","follow":"follow","max-snippet":"max-snippet:-1","max-image-preview":"max-image-preview:large","max-video-preview":"max-video-preview:-1"},"canonical":"https:\/\/np-ar.com\/index.php\/controladores\/","og_locale":"en_US","og_type":"article","og_title":"Controladores de Aire Acondicionado - Network Power","og_description":"IneControl 700 La l\u00ednea de productos IneControl es la generaci\u00f3n de soluciones de automatismo y de monitoreo, que cubre la necesidad de contar con una interfase amigable para el usuario mediante la implementaci\u00f3n de una interfase WEB. IneControl puede incorporarse en su Empresa o en su Cliente para realizar las...","og_url":"https:\/\/np-ar.com\/index.php\/controladores\/","og_site_name":"Network Power","article_modified_time":"2023-10-07T13:52:32+00:00","og_image":[{"url":"https:\/\/np-ar.com\/wp-content\/uploads\/2023\/09\/inecow-1024x548.png","type":"","width":"","height":""}],"twitter_card":"summary_large_image","twitter_misc":{"Est. reading time":"1 minute"},"schema":{"@context":"https:\/\/schema.org","@graph":[{"@type":"WebPage","@id":"https:\/\/np-ar.com\/index.php\/controladores\/","url":"https:\/\/np-ar.com\/index.php\/controladores\/","name":"Controladores de Aire Acondicionado - Network Power","isPartOf":{"@id":"https:\/\/np-ar.com\/#website"},"primaryImageOfPage":{"@id":"https:\/\/np-ar.com\/index.php\/controladores\/#primaryimage"},"image":{"@id":"https:\/\/np-ar.com\/index.php\/controladores\/#primaryimage"},"thumbnailUrl":"https:\/\/np-ar.com\/wp-content\/uploads\/2023\/09\/inecow-1024x548.png","datePublished":"2023-09-25T20:05:01+00:00","dateModified":"2023-10-07T13:52:32+00:00","breadcrumb":{"@id":"https:\/\/np-ar.com\/index.php\/controladores\/#breadcrumb"},"inLanguage":"en-US","potentialAction":[{"@type":"ReadAction","target":["https:\/\/np-ar.com\/index.php\/controladores\/"]}]},{"@type":"ImageObject","inLanguage":"en-US","@id":"https:\/\/np-ar.com\/index.php\/controladores\/#primaryimage","url":"https:\/\/np-ar.com\/wp-content\/uploads\/2023\/09\/inecow.png","contentUrl":"https:\/\/np-ar.com\/wp-content\/uploads\/2023\/09\/inecow.png","width":1057,"height":566},{"@type":"BreadcrumbList","@id":"https:\/\/np-ar.com\/index.php\/controladores\/#breadcrumb","itemListElement":[{"@type":"ListItem","position":1,"name":"Home","item":"https:\/\/np-ar.com\/"},{"@type":"ListItem","position":2,"name":"Controladores de Aire Acondicionado"}]},{"@type":"WebSite","@id":"https:\/\/np-ar.com\/#website","url":"https:\/\/np-ar.com\/","name":"Network Power","description":"","publisher":{"@id":"https:\/\/np-ar.com\/#organization"},"potentialAction":[{"@type":"SearchAction","target":{"@type":"EntryPoint","urlTemplate":"https:\/\/np-ar.com\/?s={search_term_string}"},"query-input":{"@type":"PropertyValueSpecification","valueRequired":true,"valueName":"search_term_string"}}],"inLanguage":"en-US"},{"@type":"Organization","@id":"https:\/\/np-ar.com\/#organization","name":"Network Power","url":"https:\/\/np-ar.com\/","logo":{"@type":"ImageObject","inLanguage":"en-US","@id":"https:\/\/np-ar.com\/#\/schema\/logo\/image\/","url":"https:\/\/np-ar.com\/wp-content\/uploads\/2023\/09\/cropped-Logo-NP-DNV.png","contentUrl":"https:\/\/np-ar.com\/wp-content\/uploads\/2023\/09\/cropped-Logo-NP-DNV.png","width":181,"height":85,"caption":"Network Power"},"image":{"@id":"https:\/\/np-ar.com\/#\/schema\/logo\/image\/"}}]}},"_links":{"self":[{"href":"https:\/\/np-ar.com\/index.php\/wp-json\/wp\/v2\/pages\/58","targetHints":{"allow":["GET"]}}],"collection":[{"href":"https:\/\/np-ar.com\/index.php\/wp-json\/wp\/v2\/pages"}],"about":[{"href":"https:\/\/np-ar.com\/index.php\/wp-json\/wp\/v2\/types\/page"}],"author":[{"embeddable":true,"href":"https:\/\/np-ar.com\/index.php\/wp-json\/wp\/v2\/users\/1"}],"replies":[{"embeddable":true,"href":"https:\/\/np-ar.com\/index.php\/wp-json\/wp\/v2\/comments?post=58"}],"version-history":[{"count":5,"href":"https:\/\/np-ar.com\/index.php\/wp-json\/wp\/v2\/pages\/58\/revisions"}],"predecessor-version":[{"id":992,"href":"https:\/\/np-ar.com\/index.php\/wp-json\/wp\/v2\/pages\/58\/revisions\/992"}],"wp:attachment":[{"href":"https:\/\/np-ar.com\/index.php\/wp-json\/wp\/v2\/media?parent=58"}],"curies":[{"name":"wp","href":"https:\/\/api.w.org\/{rel}","templated":true}]}}